{"id":1124,"date":"2017-07-11T15:19:51","date_gmt":"2017-07-11T14:19:51","guid":{"rendered":"https:\/\/ecolenotredame-saintvincentdeslandes.fr\/?page_id=1124"},"modified":"2025-07-11T10:47:47","modified_gmt":"2025-07-11T09:47:47","slug":"documents-utiles","status":"publish","type":"page","link":"https:\/\/ecolenotredame-saintvincentdeslandes.fr\/?page_id=1124","title":{"rendered":"Documents \u00e0 compl\u00e9ter"},"content":{"rendered":"<p>Voici les documents \u00e0 compl\u00e9ter et \u00e0 apporter pour la rentr\u00e9e le lundi 1er septembre 2025:<\/p>\n<p><span style=\"text-decoration: underline;\"><strong>Circulaire de rentr\u00e9e<\/strong><\/span><\/p>\n<iframe src=\"\/\/docs.google.com\/viewer?url=https%3A%2F%2Fecolenotredame-saintvincentdeslandes.fr%2Fwp-content%2Fuploads%2F2025%2F07%2Fcirculaire-de-rentree.pdf&hl=fr&embedded=true\" class=\"gde-frame\" style=\"width:100%; height:500px; border: none;\" scrolling=\"no\"><\/iframe>\n<p class=\"gde-text\"><a href=\"https:\/\/ecolenotredame-saintvincentdeslandes.fr\/wp-content\/uploads\/2025\/07\/circulaire-de-rentree.pdf\" class=\"gde-link\">T\u00e9l\u00e9charger (PDF, 143KB)<\/a><\/p>\n<p><span style=\"text-decoration: underline;\"><strong>fiche de renseignements<br \/>\n<\/strong><\/span><\/p>\n<iframe src=\"\/\/docs.google.com\/viewer?url=https%3A%2F%2Fecolenotredame-saintvincentdeslandes.fr%2Fwp-content%2Fuploads%2F2025%2F07%2FFiche-de-renseignements-1.pdf&hl=fr&embedded=true\" class=\"gde-frame\" style=\"width:100%; height:500px; border: none;\" scrolling=\"no\"><\/iframe>\n<p class=\"gde-text\"><a href=\"https:\/\/ecolenotredame-saintvincentdeslandes.fr\/wp-content\/uploads\/2025\/07\/Fiche-de-renseignements-1.pdf\" class=\"gde-link\">T\u00e9l\u00e9charger (PDF, 355KB)<\/a><\/p>\n<p><span style=\"text-decoration: underline;\"><strong>Fiche d&#8217;urgence<\/strong><\/span><\/p>\n<iframe src=\"\/\/docs.google.com\/viewer?url=https%3A%2F%2Fecolenotredame-saintvincentdeslandes.fr%2Fwp-content%2Fuploads%2F2025%2F07%2Ffiche-durgence.pdf&hl=fr&embedded=true\" class=\"gde-frame\" style=\"width:100%; height:500px; border: none;\" scrolling=\"no\"><\/iframe>\n<p class=\"gde-text\"><a href=\"https:\/\/ecolenotredame-saintvincentdeslandes.fr\/wp-content\/uploads\/2025\/07\/fiche-durgence.pdf\" class=\"gde-link\">T\u00e9l\u00e9charger (PDF, 201KB)<\/a><\/p>\n<p><span style=\"text-decoration: underline;\"><strong>Assurance et S\u00e9curit\u00e9<\/strong><\/span><\/p>\n<iframe src=\"\/\/docs.google.com\/viewer?url=https%3A%2F%2Fecolenotredame-saintvincentdeslandes.fr%2Fwp-content%2Fuploads%2F2025%2F07%2FAssurance-Securite.pdf&hl=fr&embedded=true\" class=\"gde-frame\" style=\"width:100%; height:500px; border: none;\" scrolling=\"no\"><\/iframe>\n<p class=\"gde-text\"><a href=\"https:\/\/ecolenotredame-saintvincentdeslandes.fr\/wp-content\/uploads\/2025\/07\/Assurance-Securite.pdf\" class=\"gde-link\">T\u00e9l\u00e9charger (PDF, 200KB)<\/a><\/p>\n<p><span style=\"text-decoration: underline;\"><strong>Autorisation de publication et de photographie<\/strong><\/span><\/p>\n<iframe src=\"\/\/docs.google.com\/viewer?url=https%3A%2F%2Fecolenotredame-saintvincentdeslandes.fr%2Fwp-content%2Fuploads%2F2025%2F07%2FAutorisation-de-publication-et-de-photographie.pdf&hl=fr&embedded=true\" class=\"gde-frame\" style=\"width:100%; height:500px; border: none;\" scrolling=\"no\"><\/iframe>\n<p class=\"gde-text\"><a href=\"https:\/\/ecolenotredame-saintvincentdeslandes.fr\/wp-content\/uploads\/2025\/07\/Autorisation-de-publication-et-de-photographie.pdf\" class=\"gde-link\">T\u00e9l\u00e9charger (PDF, 228KB)<\/a><\/p>\n<p><span style=\"text-decoration: underline;\"><strong>Le code administratif de l&#8217;\u00e9cole<\/strong><\/span><\/p>\n<iframe src=\"\/\/docs.google.com\/viewer?url=https%3A%2F%2Fecolenotredame-saintvincentdeslandes.fr%2Fwp-content%2Fuploads%2F2025%2F07%2FLE-CODE-ADMINISTRATIF-de-lecole-1.pdf&hl=fr&embedded=true\" class=\"gde-frame\" style=\"width:100%; height:500px; border: none;\" scrolling=\"no\"><\/iframe>\n<p class=\"gde-text\"><a href=\"https:\/\/ecolenotredame-saintvincentdeslandes.fr\/wp-content\/uploads\/2025\/07\/LE-CODE-ADMINISTRATIF-de-lecole-1.pdf\" class=\"gde-link\">T\u00e9l\u00e9charger (PDF, 194KB)<\/a><\/p>\n<p><span style=\"text-decoration: underline;\"><strong>Contributions 2025-2026<\/strong><\/span><\/p>\n<iframe src=\"\/\/docs.google.com\/viewer?url=https%3A%2F%2Fecolenotredame-saintvincentdeslandes.fr%2Fwp-content%2Fuploads%2F2025%2F07%2FMot_Contributions-OGEC.pdf&hl=fr&embedded=true\" class=\"gde-frame\" style=\"width:100%; height:500px; border: none;\" scrolling=\"no\"><\/iframe>\n<p class=\"gde-text\"><a href=\"https:\/\/ecolenotredame-saintvincentdeslandes.fr\/wp-content\/uploads\/2025\/07\/Mot_Contributions-OGEC.pdf\" class=\"gde-link\">T\u00e9l\u00e9charger (PDF, 191KB)<\/a><\/p>\n","protected":false},"excerpt":{"rendered":"<p>Voici les documents \u00e0 compl\u00e9ter et \u00e0 apporter pour la rentr\u00e9e le lundi 1er septembre 2025: Circulaire de rentr\u00e9e fiche de renseignements Fiche d&#8217;urgence Assurance et S\u00e9curit\u00e9 Autorisation de publication et de photographie Le code administratif de l&#8217;\u00e9cole Contributions 2025-2026<\/p>\n","protected":false},"author":3,"featured_media":0,"parent":0,"menu_order":0,"comment_status":"closed","ping_status":"closed","template":"","meta":{"ngg_post_thumbnail":0,"footnotes":""},"class_list":["post-1124","page","type-page","status-publish","hentry"],"_links":{"self":[{"href":"https:\/\/ecolenotredame-saintvincentdeslandes.fr\/index.php?rest_route=\/wp\/v2\/pages\/1124","targetHints":{"allow":["GET"]}}],"collection":[{"href":"https:\/\/ecolenotredame-saintvincentdeslandes.fr\/index.php?rest_route=\/wp\/v2\/pages"}],"about":[{"href":"https:\/\/ecolenotredame-saintvincentdeslandes.fr\/index.php?rest_route=\/wp\/v2\/types\/page"}],"author":[{"embeddable":true,"href":"https:\/\/ecolenotredame-saintvincentdeslandes.fr\/index.php?rest_route=\/wp\/v2\/users\/3"}],"replies":[{"embeddable":true,"href":"https:\/\/ecolenotredame-saintvincentdeslandes.fr\/index.php?rest_route=%2Fwp%2Fv2%2Fcomments&post=1124"}],"version-history":[{"count":9,"href":"https:\/\/ecolenotredame-saintvincentdeslandes.fr\/index.php?rest_route=\/wp\/v2\/pages\/1124\/revisions"}],"predecessor-version":[{"id":7372,"href":"https:\/\/ecolenotredame-saintvincentdeslandes.fr\/index.php?rest_route=\/wp\/v2\/pages\/1124\/revisions\/7372"}],"wp:attachment":[{"href":"https:\/\/ecolenotredame-saintvincentdeslandes.fr\/index.php?rest_route=%2Fwp%2Fv2%2Fmedia&parent=1124"}],"curies":[{"name":"wp","href":"https:\/\/api.w.org\/{rel}","templated":true}]}}