{"id":185,"date":"2015-10-17T12:08:28","date_gmt":"2015-10-17T11:08:28","guid":{"rendered":"https:\/\/ecolenotredame-saintvincentdeslandes.fr\/?page_id=185"},"modified":"2022-07-13T10:50:42","modified_gmt":"2022-07-13T09:50:42","slug":"partenaires","status":"publish","type":"page","link":"https:\/\/ecolenotredame-saintvincentdeslandes.fr\/?page_id=185","title":{"rendered":"Partenaires"},"content":{"rendered":"<h2 class=\"titre2 couleur_font\">Mairie<\/h2>\n<p><a href=\"http:\/\/www.mairie-stvincentdeslandes.fr\"><cite class=\"_Rm\">www.<b>mairie<\/b>&#8211;<b>stvincentdeslandes<\/b>.fr<\/cite><\/a><\/p>\n<ul style=\"list-style-type: circle;\">\n<li><cite class=\"_Rm\">t\u00e9l\u00e9phone : 02-40-55-38-29<\/cite><cite class=\"_Rm\"><br \/>\n<\/cite><\/li>\n<\/ul>\n<h2 class=\"titre2 couleur_font\">Accueil P\u00e9riscolaire La R\u00e9cr\u00e9 du Bonheur<\/h2>\n<div class=\"content\">\n<div class=\"text\">\n<p>2 rue de la Vieille Cure<br \/>\nTel : 02 40 55 39 86<\/p>\n<p>Horaires rentr\u00e9e 2018\/2019 :<br \/>\nLundi-Mardi-Jeudi-Vendredi&nbsp;7h15 \u00e0 8h45 et de 16h15 \u00e0 18h30<\/p>\n<\/div>\n<\/div>\n<h2 class=\"titre2 couleur_font\">Cantine Inter-Ecoles<\/h2>\n<div class=\"content\">\n<div class=\"text\">\n<p>s&#8217;adresser \u00e0 la mairie : 02-40-55-38-29<\/p>\n<p>&nbsp;<\/p>\n<p>&nbsp;<\/p>\n<\/div>\n<\/div>\n","protected":false},"excerpt":{"rendered":"<p>Mairie www.mairie&#8211;stvincentdeslandes.fr t\u00e9l\u00e9phone : 02-40-55-38-29 Accueil P\u00e9riscolaire La R\u00e9cr\u00e9 du Bonheur 2 rue de la Vieille Cure Tel : 02 40 55 39 86 Horaires rentr\u00e9e 2018\/2019 : Lundi-Mardi-Jeudi-Vendredi&nbsp;7h15 \u00e0 8h45 et de 16h15 \u00e0 18h30 Cantine Inter-Ecoles s&#8217;adresser \u00e0 la mairie : 02-40-55-38-29 &nbsp; &nbsp;<\/p>\n","protected":false},"author":3,"featured_media":0,"parent":0,"menu_order":0,"comment_status":"closed","ping_status":"closed","template":"","meta":{"ngg_post_thumbnail":0,"footnotes":""},"class_list":["post-185","page","type-page","status-publish","hentry"],"_links":{"self":[{"href":"https:\/\/ecolenotredame-saintvincentdeslandes.fr\/index.php?rest_route=\/wp\/v2\/pages\/185","targetHints":{"allow":["GET"]}}],"collection":[{"href":"https:\/\/ecolenotredame-saintvincentdeslandes.fr\/index.php?rest_route=\/wp\/v2\/pages"}],"about":[{"href":"https:\/\/ecolenotredame-saintvincentdeslandes.fr\/index.php?rest_route=\/wp\/v2\/types\/page"}],"author":[{"embeddable":true,"href":"https:\/\/ecolenotredame-saintvincentdeslandes.fr\/index.php?rest_route=\/wp\/v2\/users\/3"}],"replies":[{"embeddable":true,"href":"https:\/\/ecolenotredame-saintvincentdeslandes.fr\/index.php?rest_route=%2Fwp%2Fv2%2Fcomments&post=185"}],"version-history":[{"count":4,"href":"https:\/\/ecolenotredame-saintvincentdeslandes.fr\/index.php?rest_route=\/wp\/v2\/pages\/185\/revisions"}],"predecessor-version":[{"id":4852,"href":"https:\/\/ecolenotredame-saintvincentdeslandes.fr\/index.php?rest_route=\/wp\/v2\/pages\/185\/revisions\/4852"}],"wp:attachment":[{"href":"https:\/\/ecolenotredame-saintvincentdeslandes.fr\/index.php?rest_route=%2Fwp%2Fv2%2Fmedia&parent=185"}],"curies":[{"name":"wp","href":"https:\/\/api.w.org\/{rel}","templated":true}]}}