{"id":2,"date":"2015-06-01T12:09:06","date_gmt":"2015-06-01T11:09:06","guid":{"rendered":"https:\/\/ecolenotredame-saintvincentdeslandes.fr\/?page_id=2"},"modified":"2026-04-08T17:03:33","modified_gmt":"2026-04-08T16:03:33","slug":"accueil","status":"publish","type":"page","link":"https:\/\/ecolenotredame-saintvincentdeslandes.fr\/","title":{"rendered":"Accueil"},"content":{"rendered":"<div id=\"pl-2\"  class=\"panel-layout\" ><div id=\"pg-2-0\"  class=\"panel-grid panel-no-style\" ><div id=\"pgc-2-0-0\"  class=\"panel-grid-cell\" ><div id=\"panel-2-0-0-0\" class=\"so-panel widget widget_sow-editor panel-first-child\" data-index=\"0\" ><div class=\"panel-widget-style panel-widget-style-for-2-0-0-0\" ><div\n\t\t\t\n\t\t\tclass=\"so-widget-sow-editor so-widget-sow-editor-base\"\n\t\t\t\n\t\t><h3 class=\"widget-title\">   L'\u00e9cole<\/h3>\n<div class=\"siteorigin-widget-tinymce textwidget\">\n\t<p>les b\u00e2timents :<\/p>\nngg_shortcode_0_placeholder\n<\/div>\n<\/div><\/div><\/div><div id=\"panel-2-0-0-1\" class=\"so-panel widget widget_sow-editor\" data-index=\"1\" ><div class=\"panel-widget-style panel-widget-style-for-2-0-0-1\" ><div\n\t\t\t\n\t\t\tclass=\"so-widget-sow-editor so-widget-sow-editor-base\"\n\t\t\t\n\t\t><h3 class=\"widget-title\">Sur la cour des maternelles<\/h3>\n<div class=\"siteorigin-widget-tinymce textwidget\">\n\tngg_shortcode_1_placeholder\n<\/div>\n<\/div><\/div><\/div><div id=\"panel-2-0-0-2\" class=\"so-panel widget widget_sow-editor\" data-index=\"2\" ><div class=\"panel-widget-style panel-widget-style-for-2-0-0-2\" ><div\n\t\t\t\n\t\t\tclass=\"so-widget-sow-editor so-widget-sow-editor-base\"\n\t\t\t\n\t\t><h3 class=\"widget-title\">Sur la cour des primaires<\/h3>\n<div class=\"siteorigin-widget-tinymce textwidget\">\n\t<p>&nbsp;<\/p>\nngg_shortcode_2_placeholder\n<\/div>\n<\/div><\/div><\/div><div id=\"panel-2-0-0-3\" class=\"so-panel widget widget_sow-editor\" data-index=\"3\" ><div\n\t\t\t\n\t\t\tclass=\"so-widget-sow-editor so-widget-sow-editor-base\"\n\t\t\t\n\t\t><h3 class=\"widget-title\">Les horaires de l'\u00e9cole<\/h3>\n<div class=\"siteorigin-widget-tinymce textwidget\">\n\t<p>L'\u00e9cole fonctionne sur 4 jours :<\/p>\n<p><span style=\"color: #000000;\"><span style=\"color: #008000;\"><strong>\u00a0\u00a0\u00a0\u00a0 lundi - mardi - jeudi - vendredi<\/strong><\/span><br \/>\n<\/span><\/p>\n<p>le matin : <strong>de 8h40 \u00e0 12h00<\/strong><\/p>\n<p>l'apr\u00e8s-midi : <strong>de 13h25 \u00e0 16h20<\/strong><\/p>\n<p><em>\u00a0\u00a0\u00a0\u00a0 Le portail ouvre le matin \u00e0 8h30 et le midi \u00e0 13h15.<\/em><\/p>\n<p>&nbsp;<\/p>\n<\/div>\n<\/div><\/div><div id=\"panel-2-0-0-4\" class=\"so-panel widget widget_sow-editor\" data-index=\"4\" ><div\n\t\t\t\n\t\t\tclass=\"so-widget-sow-editor so-widget-sow-editor-base\"\n\t\t\t\n\t\t><h3 class=\"widget-title\">Inscriptions 2026-2027<\/h3>\n<div class=\"siteorigin-widget-tinymce textwidget\">\n\t<p><a href=\"https:\/\/ecolenotredame-saintvincentdeslandes.fr\/wp-content\/uploads\/2026\/04\/affiche-inscriptions-2026-2027.jpg\"><img loading=\"lazy\" decoding=\"async\" class=\"aligncenter size-medium wp-image-8038\" src=\"https:\/\/ecolenotredame-saintvincentdeslandes.fr\/wp-content\/uploads\/2026\/04\/affiche-inscriptions-2026-2027-240x300.jpg\" alt=\"\" width=\"240\" height=\"300\" srcset=\"https:\/\/ecolenotredame-saintvincentdeslandes.fr\/wp-content\/uploads\/2026\/04\/affiche-inscriptions-2026-2027-240x300.jpg 240w, https:\/\/ecolenotredame-saintvincentdeslandes.fr\/wp-content\/uploads\/2026\/04\/affiche-inscriptions-2026-2027-819x1024.jpg 819w, https:\/\/ecolenotredame-saintvincentdeslandes.fr\/wp-content\/uploads\/2026\/04\/affiche-inscriptions-2026-2027-768x960.jpg 768w, https:\/\/ecolenotredame-saintvincentdeslandes.fr\/wp-content\/uploads\/2026\/04\/affiche-inscriptions-2026-2027.jpg 1080w\" sizes=\"auto, (max-width: 240px) 100vw, 240px\" \/><\/a><\/p>\n<p>&nbsp;<\/p>\n<p>&nbsp;<\/p>\n<\/div>\n<\/div><\/div><div id=\"panel-2-0-0-5\" class=\"so-panel widget widget_sow-editor panel-last-child\" data-index=\"5\" ><div\n\t\t\t\n\t\t\tclass=\"so-widget-sow-editor so-widget-sow-editor-base\"\n\t\t\t\n\t\t><h3 class=\"widget-title\">Marche solidaire<\/h3>\n<div class=\"siteorigin-widget-tinymce textwidget\">\n\t<p><a href=\"https:\/\/ecolenotredame-saintvincentdeslandes.fr\/wp-content\/uploads\/2026\/04\/Affiche-marche-solidaire-2026-1.jpg\"><img loading=\"lazy\" decoding=\"async\" class=\"aligncenter size-medium wp-image-8023\" src=\"https:\/\/ecolenotredame-saintvincentdeslandes.fr\/wp-content\/uploads\/2026\/04\/Affiche-marche-solidaire-2026-1-212x300.jpg\" alt=\"\" width=\"212\" height=\"300\" srcset=\"https:\/\/ecolenotredame-saintvincentdeslandes.fr\/wp-content\/uploads\/2026\/04\/Affiche-marche-solidaire-2026-1-212x300.jpg 212w, https:\/\/ecolenotredame-saintvincentdeslandes.fr\/wp-content\/uploads\/2026\/04\/Affiche-marche-solidaire-2026-1-724x1024.jpg 724w, https:\/\/ecolenotredame-saintvincentdeslandes.fr\/wp-content\/uploads\/2026\/04\/Affiche-marche-solidaire-2026-1-768x1086.jpg 768w, https:\/\/ecolenotredame-saintvincentdeslandes.fr\/wp-content\/uploads\/2026\/04\/Affiche-marche-solidaire-2026-1-1086x1536.jpg 1086w, https:\/\/ecolenotredame-saintvincentdeslandes.fr\/wp-content\/uploads\/2026\/04\/Affiche-marche-solidaire-2026-1-1448x2048.jpg 1448w, https:\/\/ecolenotredame-saintvincentdeslandes.fr\/wp-content\/uploads\/2026\/04\/Affiche-marche-solidaire-2026-1.jpg 1587w\" sizes=\"auto, (max-width: 212px) 100vw, 212px\" \/><\/a><\/p>\n<p>&nbsp;<\/p>\n<p>&nbsp;<\/p>\n<\/div>\n<\/div><\/div><\/div><div id=\"pgc-2-0-1\"  class=\"panel-grid-cell\" ><div id=\"panel-2-0-1-0\" class=\"so-panel widget widget_sow-editor panel-first-child\" data-index=\"6\" ><div class=\"panel-widget-style panel-widget-style-for-2-0-1-0\" ><div\n\t\t\t\n\t\t\tclass=\"so-widget-sow-editor so-widget-sow-editor-base\"\n\t\t\t\n\t\t><h3 class=\"widget-title\">Bienvenue \u00e0 l'\u00e9cole Notre Dame<\/h3>\n<div class=\"siteorigin-widget-tinymce textwidget\">\n\t<p style=\"text-align: center;\"><em><a href=\"https:\/\/ecolenotredame-saintvincentdeslandes.fr\/wp-content\/uploads\/2026\/03\/POSTER-V72-scaled.jpg\"><img loading=\"lazy\" decoding=\"async\" class=\"aligncenter wp-image-8008 size-large\" src=\"https:\/\/ecolenotredame-saintvincentdeslandes.fr\/wp-content\/uploads\/2026\/03\/POSTER-V72-1024x683.jpg\" alt=\"\" width=\"1024\" height=\"683\" srcset=\"https:\/\/ecolenotredame-saintvincentdeslandes.fr\/wp-content\/uploads\/2026\/03\/POSTER-V72-1024x683.jpg 1024w, https:\/\/ecolenotredame-saintvincentdeslandes.fr\/wp-content\/uploads\/2026\/03\/POSTER-V72-300x200.jpg 300w, https:\/\/ecolenotredame-saintvincentdeslandes.fr\/wp-content\/uploads\/2026\/03\/POSTER-V72-768x512.jpg 768w, https:\/\/ecolenotredame-saintvincentdeslandes.fr\/wp-content\/uploads\/2026\/03\/POSTER-V72-1536x1024.jpg 1536w, https:\/\/ecolenotredame-saintvincentdeslandes.fr\/wp-content\/uploads\/2026\/03\/POSTER-V72-2048x1365.jpg 2048w, https:\/\/ecolenotredame-saintvincentdeslandes.fr\/wp-content\/uploads\/2026\/03\/POSTER-V72-272x182.jpg 272w\" sizes=\"auto, (max-width: 1024px) 100vw, 1024px\" \/><\/a><\/em><\/p>\n<p style=\"text-align: center;\"><span style=\"color: #000000;\"><em>photos Fauvet&nbsp;<\/em><\/span><\/p>\n<\/div>\n<\/div><\/div><\/div><div id=\"panel-2-0-1-1\" class=\"so-panel widget widget_sow-editor\" data-index=\"7\" ><div class=\"panel-widget-style panel-widget-style-for-2-0-1-1\" ><div\n\t\t\t\n\t\t\tclass=\"so-widget-sow-editor so-widget-sow-editor-base\"\n\t\t\t\n\t\t><h3 class=\"widget-title\">La classe maternelle<\/h3>\n<div class=\"siteorigin-widget-tinymce textwidget\">\n\t<p style=\"text-align: center;\"><a href=\"https:\/\/ecolenotredame-saintvincentdeslandes.fr\/wp-content\/uploads\/2026\/03\/PS-MS-GS-B-scaled.jpg\"><img loading=\"lazy\" decoding=\"async\" class=\"aligncenter wp-image-8005 size-large\" src=\"https:\/\/ecolenotredame-saintvincentdeslandes.fr\/wp-content\/uploads\/2026\/03\/PS-MS-GS-B-1024x684.jpg\" alt=\"\" width=\"1024\" height=\"684\" srcset=\"https:\/\/ecolenotredame-saintvincentdeslandes.fr\/wp-content\/uploads\/2026\/03\/PS-MS-GS-B-1024x684.jpg 1024w, https:\/\/ecolenotredame-saintvincentdeslandes.fr\/wp-content\/uploads\/2026\/03\/PS-MS-GS-B-300x200.jpg 300w, https:\/\/ecolenotredame-saintvincentdeslandes.fr\/wp-content\/uploads\/2026\/03\/PS-MS-GS-B-768x513.jpg 768w, https:\/\/ecolenotredame-saintvincentdeslandes.fr\/wp-content\/uploads\/2026\/03\/PS-MS-GS-B-1536x1025.jpg 1536w, https:\/\/ecolenotredame-saintvincentdeslandes.fr\/wp-content\/uploads\/2026\/03\/PS-MS-GS-B-2048x1367.jpg 2048w, https:\/\/ecolenotredame-saintvincentdeslandes.fr\/wp-content\/uploads\/2026\/03\/PS-MS-GS-B-272x182.jpg 272w\" sizes=\"auto, (max-width: 1024px) 100vw, 1024px\" \/><\/a><em><strong><span style=\"color: #008000;\">&nbsp;<\/span><\/strong><\/em><\/p>\n<\/div>\n<\/div><\/div><\/div><div id=\"panel-2-0-1-2\" class=\"so-panel widget widget_sow-editor\" data-index=\"8\" ><div class=\"panel-widget-style panel-widget-style-for-2-0-1-2\" ><div\n\t\t\t\n\t\t\tclass=\"so-widget-sow-editor so-widget-sow-editor-base\"\n\t\t\t\n\t\t><h3 class=\"widget-title\">La classe CP CE1 <\/h3>\n<div class=\"siteorigin-widget-tinymce textwidget\">\n\t<p><a href=\"https:\/\/ecolenotredame-saintvincentdeslandes.fr\/wp-content\/uploads\/2026\/03\/CP-CE1-B-scaled.jpg\"><img loading=\"lazy\" decoding=\"async\" class=\"aligncenter wp-image-8006 size-large\" src=\"https:\/\/ecolenotredame-saintvincentdeslandes.fr\/wp-content\/uploads\/2026\/03\/CP-CE1-B-1024x684.jpg\" alt=\"\" width=\"1024\" height=\"684\" srcset=\"https:\/\/ecolenotredame-saintvincentdeslandes.fr\/wp-content\/uploads\/2026\/03\/CP-CE1-B-1024x684.jpg 1024w, https:\/\/ecolenotredame-saintvincentdeslandes.fr\/wp-content\/uploads\/2026\/03\/CP-CE1-B-300x200.jpg 300w, https:\/\/ecolenotredame-saintvincentdeslandes.fr\/wp-content\/uploads\/2026\/03\/CP-CE1-B-768x513.jpg 768w, https:\/\/ecolenotredame-saintvincentdeslandes.fr\/wp-content\/uploads\/2026\/03\/CP-CE1-B-1536x1025.jpg 1536w, https:\/\/ecolenotredame-saintvincentdeslandes.fr\/wp-content\/uploads\/2026\/03\/CP-CE1-B-2048x1367.jpg 2048w, https:\/\/ecolenotredame-saintvincentdeslandes.fr\/wp-content\/uploads\/2026\/03\/CP-CE1-B-272x182.jpg 272w\" sizes=\"auto, (max-width: 1024px) 100vw, 1024px\" \/><\/a><\/p>\n<\/div>\n<\/div><\/div><\/div><div id=\"panel-2-0-1-3\" class=\"so-panel widget widget_sow-editor\" data-index=\"9\" ><div class=\"panel-widget-style panel-widget-style-for-2-0-1-3\" ><div\n\t\t\t\n\t\t\tclass=\"so-widget-sow-editor so-widget-sow-editor-base\"\n\t\t\t\n\t\t><h3 class=\"widget-title\">La classe CE2 CM1 CM2<\/h3>\n<div class=\"siteorigin-widget-tinymce textwidget\">\n\t<p style=\"text-align: center;\"><a href=\"https:\/\/ecolenotredame-saintvincentdeslandes.fr\/wp-content\/uploads\/2026\/03\/CE2-CM1-CM2-B-scaled.jpg\"><img loading=\"lazy\" decoding=\"async\" class=\"aligncenter wp-image-8007 size-large\" src=\"https:\/\/ecolenotredame-saintvincentdeslandes.fr\/wp-content\/uploads\/2026\/03\/CE2-CM1-CM2-B-1024x684.jpg\" alt=\"\" width=\"1024\" height=\"684\" srcset=\"https:\/\/ecolenotredame-saintvincentdeslandes.fr\/wp-content\/uploads\/2026\/03\/CE2-CM1-CM2-B-1024x684.jpg 1024w, https:\/\/ecolenotredame-saintvincentdeslandes.fr\/wp-content\/uploads\/2026\/03\/CE2-CM1-CM2-B-300x200.jpg 300w, https:\/\/ecolenotredame-saintvincentdeslandes.fr\/wp-content\/uploads\/2026\/03\/CE2-CM1-CM2-B-768x513.jpg 768w, https:\/\/ecolenotredame-saintvincentdeslandes.fr\/wp-content\/uploads\/2026\/03\/CE2-CM1-CM2-B-1536x1025.jpg 1536w, https:\/\/ecolenotredame-saintvincentdeslandes.fr\/wp-content\/uploads\/2026\/03\/CE2-CM1-CM2-B-2048x1367.jpg 2048w, https:\/\/ecolenotredame-saintvincentdeslandes.fr\/wp-content\/uploads\/2026\/03\/CE2-CM1-CM2-B-272x182.jpg 272w\" sizes=\"auto, (max-width: 1024px) 100vw, 1024px\" \/><\/a><\/p>\n<\/div>\n<\/div><\/div><\/div><div id=\"panel-2-0-1-4\" class=\"so-panel widget widget_sow-editor panel-last-child\" data-index=\"10\" ><div class=\"panel-widget-style panel-widget-style-for-2-0-1-4\" ><div\n\t\t\t\n\t\t\tclass=\"so-widget-sow-editor so-widget-sow-editor-base\"\n\t\t\t\n\t\t><h3 class=\"widget-title\">L'\u00e9quipe p\u00e9dagogique<\/h3>\n<div class=\"siteorigin-widget-tinymce textwidget\">\n\t<p style=\"text-align: center;\"><a href=\"https:\/\/ecolenotredame-saintvincentdeslandes.fr\/wp-content\/uploads\/2026\/03\/EQUIPE-scaled.jpg\"><img loading=\"lazy\" decoding=\"async\" class=\"aligncenter wp-image-8009 size-large\" src=\"https:\/\/ecolenotredame-saintvincentdeslandes.fr\/wp-content\/uploads\/2026\/03\/EQUIPE-1024x684.jpg\" alt=\"\" width=\"1024\" height=\"684\" srcset=\"https:\/\/ecolenotredame-saintvincentdeslandes.fr\/wp-content\/uploads\/2026\/03\/EQUIPE-1024x684.jpg 1024w, https:\/\/ecolenotredame-saintvincentdeslandes.fr\/wp-content\/uploads\/2026\/03\/EQUIPE-300x200.jpg 300w, https:\/\/ecolenotredame-saintvincentdeslandes.fr\/wp-content\/uploads\/2026\/03\/EQUIPE-768x513.jpg 768w, https:\/\/ecolenotredame-saintvincentdeslandes.fr\/wp-content\/uploads\/2026\/03\/EQUIPE-1536x1025.jpg 1536w, https:\/\/ecolenotredame-saintvincentdeslandes.fr\/wp-content\/uploads\/2026\/03\/EQUIPE-2048x1367.jpg 2048w, https:\/\/ecolenotredame-saintvincentdeslandes.fr\/wp-content\/uploads\/2026\/03\/EQUIPE-272x182.jpg 272w\" sizes=\"auto, (max-width: 1024px) 100vw, 1024px\" \/><\/a><\/p>\n<\/div>\n<\/div><\/div><\/div><\/div><\/div><\/div>","protected":false},"excerpt":{"rendered":"<p>les b\u00e2timents : &nbsp; L&#8217;\u00e9cole fonctionne sur 4 jours : \u00a0\u00a0\u00a0\u00a0 lundi &#8211; mardi &#8211; jeudi &#8211; vendredi le matin : de 8h40 \u00e0 12h00 l&#8217;apr\u00e8s-midi : de 13h25 \u00e0 16h20 \u00a0\u00a0\u00a0\u00a0 Le portail ouvre le matin \u00e0 8h30 et le midi \u00e0 13h15. &nbsp; &nbsp; &nbsp; &nbsp; &nbsp; photos Fauvet&nbsp; &nbsp;<\/p>\n","protected":false},"author":1,"featured_media":0,"parent":0,"menu_order":0,"comment_status":"closed","ping_status":"closed","template":"","meta":{"ngg_post_thumbnail":0,"footnotes":""},"class_list":["post-2","page","type-page","status-publish","hentry"],"_links":{"self":[{"href":"https:\/\/ecolenotredame-saintvincentdeslandes.fr\/index.php?rest_route=\/wp\/v2\/pages\/2","targetHints":{"allow":["GET"]}}],"collection":[{"href":"https:\/\/ecolenotredame-saintvincentdeslandes.fr\/index.php?rest_route=\/wp\/v2\/pages"}],"about":[{"href":"https:\/\/ecolenotredame-saintvincentdeslandes.fr\/index.php?rest_route=\/wp\/v2\/types\/page"}],"author":[{"embeddable":true,"href":"https:\/\/ecolenotredame-saintvincentdeslandes.fr\/index.php?rest_route=\/wp\/v2\/users\/1"}],"replies":[{"embeddable":true,"href":"https:\/\/ecolenotredame-saintvincentdeslandes.fr\/index.php?rest_route=%2Fwp%2Fv2%2Fcomments&post=2"}],"version-history":[{"count":136,"href":"https:\/\/ecolenotredame-saintvincentdeslandes.fr\/index.php?rest_route=\/wp\/v2\/pages\/2\/revisions"}],"predecessor-version":[{"id":8039,"href":"https:\/\/ecolenotredame-saintvincentdeslandes.fr\/index.php?rest_route=\/wp\/v2\/pages\/2\/revisions\/8039"}],"wp:attachment":[{"href":"https:\/\/ecolenotredame-saintvincentdeslandes.fr\/index.php?rest_route=%2Fwp%2Fv2%2Fmedia&parent=2"}],"curies":[{"name":"wp","href":"https:\/\/api.w.org\/{rel}","templated":true}]}}