{"id":206,"date":"2015-10-21T13:18:15","date_gmt":"2015-10-21T12:18:15","guid":{"rendered":"https:\/\/ecolenotredame-saintvincentdeslandes.fr\/?page_id=206"},"modified":"2026-02-03T14:59:16","modified_gmt":"2026-02-03T13:59:16","slug":"menus","status":"publish","type":"page","link":"https:\/\/ecolenotredame-saintvincentdeslandes.fr\/?page_id=206","title":{"rendered":"Menus"},"content":{"rendered":"<p>Le r\u00e8glement et les menus sont consultables sur le site de la mairie : <a href=\"http:\/\/www.mairie-stvincentdeslandes.fr\/fr\/information\/50062\/vie-scolaire\"><cite class=\"_Rm\">www.<b>mairie<\/b>&#8211;<b>stvincentdeslandes<\/b>.fr<\/cite><\/a><\/p>\n<p>Cantine inter-\u00e9coles<br \/>\n9 place de l&#8217;Eglise<br \/>\nT\u00e9l. : 02 40 55 32 34<\/p>\n<p><a href=\"https:\/\/ecolenotredame-saintvincentdeslandes.fr\/wp-content\/uploads\/2026\/02\/scan-scaled.jpg\"><img loading=\"lazy\" decoding=\"async\" class=\"aligncenter size-medium wp-image-8001\" src=\"https:\/\/ecolenotredame-saintvincentdeslandes.fr\/wp-content\/uploads\/2026\/02\/scan-300x212.jpg\" alt=\"\" width=\"300\" height=\"212\" srcset=\"https:\/\/ecolenotredame-saintvincentdeslandes.fr\/wp-content\/uploads\/2026\/02\/scan-300x212.jpg 300w, https:\/\/ecolenotredame-saintvincentdeslandes.fr\/wp-content\/uploads\/2026\/02\/scan-1024x724.jpg 1024w, https:\/\/ecolenotredame-saintvincentdeslandes.fr\/wp-content\/uploads\/2026\/02\/scan-768x543.jpg 768w, https:\/\/ecolenotredame-saintvincentdeslandes.fr\/wp-content\/uploads\/2026\/02\/scan-1536x1086.jpg 1536w, https:\/\/ecolenotredame-saintvincentdeslandes.fr\/wp-content\/uploads\/2026\/02\/scan-2048x1448.jpg 2048w\" sizes=\"auto, (max-width: 300px) 100vw, 300px\" \/><\/a><\/p>\n<p>&nbsp;<\/p>\n<p>&nbsp;<\/p>\n","protected":false},"excerpt":{"rendered":"<p>Le r\u00e8glement et les menus sont consultables sur le site de la mairie : www.mairie&#8211;stvincentdeslandes.fr Cantine inter-\u00e9coles 9 place de l&#8217;Eglise T\u00e9l. : 02 40 55 32 34 &nbsp; &nbsp;<\/p>\n","protected":false},"author":1,"featured_media":0,"parent":0,"menu_order":0,"comment_status":"closed","ping_status":"closed","template":"","meta":{"ngg_post_thumbnail":0,"footnotes":""},"class_list":["post-206","page","type-page","status-publish","hentry"],"_links":{"self":[{"href":"https:\/\/ecolenotredame-saintvincentdeslandes.fr\/index.php?rest_route=\/wp\/v2\/pages\/206","targetHints":{"allow":["GET"]}}],"collection":[{"href":"https:\/\/ecolenotredame-saintvincentdeslandes.fr\/index.php?rest_route=\/wp\/v2\/pages"}],"about":[{"href":"https:\/\/ecolenotredame-saintvincentdeslandes.fr\/index.php?rest_route=\/wp\/v2\/types\/page"}],"author":[{"embeddable":true,"href":"https:\/\/ecolenotredame-saintvincentdeslandes.fr\/index.php?rest_route=\/wp\/v2\/users\/1"}],"replies":[{"embeddable":true,"href":"https:\/\/ecolenotredame-saintvincentdeslandes.fr\/index.php?rest_route=%2Fwp%2Fv2%2Fcomments&post=206"}],"version-history":[{"count":8,"href":"https:\/\/ecolenotredame-saintvincentdeslandes.fr\/index.php?rest_route=\/wp\/v2\/pages\/206\/revisions"}],"predecessor-version":[{"id":8003,"href":"https:\/\/ecolenotredame-saintvincentdeslandes.fr\/index.php?rest_route=\/wp\/v2\/pages\/206\/revisions\/8003"}],"wp:attachment":[{"href":"https:\/\/ecolenotredame-saintvincentdeslandes.fr\/index.php?rest_route=%2Fwp%2Fv2%2Fmedia&parent=206"}],"curies":[{"name":"wp","href":"https:\/\/api.w.org\/{rel}","templated":true}]}}