{"id":223,"date":"2015-11-27T13:14:39","date_gmt":"2015-11-27T12:14:39","guid":{"rendered":"https:\/\/ecolenotredame-saintvincentdeslandes.fr\/?page_id=223"},"modified":"2026-04-23T09:56:36","modified_gmt":"2026-04-23T08:56:36","slug":"constitution-du-bureau","status":"publish","type":"page","link":"https:\/\/ecolenotredame-saintvincentdeslandes.fr\/?page_id=223","title":{"rendered":"le bureau OGEC"},"content":{"rendered":"<p>Suite \u00e0 <strong>l\u2019assembl\u00e9e g\u00e9n\u00e9rale<\/strong> du&nbsp; 28 novembre 2024, nous vous pr\u00e9sentons les membres du bureau OGEC :<\/p>\n<ul style=\"list-style-type: disc;\">\n<li>Mme CROUILBOIS Sol\u00e8ne<\/li>\n<li>Mme FERRE M\u00e9lanie<\/li>\n<li>Mme GUILBAUD Vanessa<\/li>\n<li>Mr LAHOUIRI Maxence<\/li>\n<li>Mme LE VERGER Natacha<\/li>\n<li>Mr MAURICE Romain<\/li>\n<li>Mme PERRILLAT Laura<\/li>\n<li>Mme PIGREE Charlotte<\/li>\n<\/ul>\n<p style=\"text-align: center;\">&nbsp;<\/p>\n<p style=\"text-align: center;\">&nbsp;<\/p>\n","protected":false},"excerpt":{"rendered":"<p>Suite \u00e0 l\u2019assembl\u00e9e g\u00e9n\u00e9rale du&nbsp; 28 novembre 2024, nous vous pr\u00e9sentons les membres du bureau OGEC : Mme CROUILBOIS Sol\u00e8ne Mme FERRE M\u00e9lanie Mme GUILBAUD Vanessa Mr LAHOUIRI Maxence Mme LE VERGER Natacha Mr MAURICE Romain Mme PERRILLAT Laura Mme PIGREE Charlotte &nbsp; &nbsp;<\/p>\n","protected":false},"author":3,"featured_media":0,"parent":0,"menu_order":0,"comment_status":"closed","ping_status":"closed","template":"","meta":{"ngg_post_thumbnail":0,"footnotes":""},"class_list":["post-223","page","type-page","status-publish","hentry"],"_links":{"self":[{"href":"https:\/\/ecolenotredame-saintvincentdeslandes.fr\/index.php?rest_route=\/wp\/v2\/pages\/223","targetHints":{"allow":["GET"]}}],"collection":[{"href":"https:\/\/ecolenotredame-saintvincentdeslandes.fr\/index.php?rest_route=\/wp\/v2\/pages"}],"about":[{"href":"https:\/\/ecolenotredame-saintvincentdeslandes.fr\/index.php?rest_route=\/wp\/v2\/types\/page"}],"author":[{"embeddable":true,"href":"https:\/\/ecolenotredame-saintvincentdeslandes.fr\/index.php?rest_route=\/wp\/v2\/users\/3"}],"replies":[{"embeddable":true,"href":"https:\/\/ecolenotredame-saintvincentdeslandes.fr\/index.php?rest_route=%2Fwp%2Fv2%2Fcomments&post=223"}],"version-history":[{"count":9,"href":"https:\/\/ecolenotredame-saintvincentdeslandes.fr\/index.php?rest_route=\/wp\/v2\/pages\/223\/revisions"}],"predecessor-version":[{"id":8272,"href":"https:\/\/ecolenotredame-saintvincentdeslandes.fr\/index.php?rest_route=\/wp\/v2\/pages\/223\/revisions\/8272"}],"wp:attachment":[{"href":"https:\/\/ecolenotredame-saintvincentdeslandes.fr\/index.php?rest_route=%2Fwp%2Fv2%2Fmedia&parent=223"}],"curies":[{"name":"wp","href":"https:\/\/api.w.org\/{rel}","templated":true}]}}