{"id":551,"date":"2016-07-19T16:14:40","date_gmt":"2016-07-19T15:14:40","guid":{"rendered":"https:\/\/ecolenotredame-saintvincentdeslandes.fr\/?page_id=551"},"modified":"2026-04-23T09:59:28","modified_gmt":"2026-04-23T08:59:28","slug":"annee-2016-2017","status":"publish","type":"page","link":"https:\/\/ecolenotredame-saintvincentdeslandes.fr\/?page_id=551","title":{"rendered":"A vos agendas"},"content":{"rendered":"<p><span style=\"color: #000080;\"><em><strong>A noter :<\/strong> <\/em><\/span><\/p>\n<p><strong>&nbsp; &nbsp; &nbsp; Assembl\u00e9e g\u00e9n\u00e9rale de l&#8217;OGEC<\/strong> : le 27 novembre 2025<\/p>\n<p>&nbsp;<\/p>\n<p><span style=\"color: #000080;\"><em><strong>Dates des manifestations organis\u00e9es&nbsp; pour l&#8217;ann\u00e9e 2025 &#8211; 2026 :<\/strong><\/em><\/span><\/p>\n<p style=\"padding-left: 30px;\"><strong>Rentr\u00e9e des familles<\/strong>: le vendredi 5 septembre \u00e0 19h \u00e0 l&#8217;\u00e9cole (temps convivial)<\/p>\n<p style=\"padding-left: 30px;\"><strong>Arbre de No\u00eb<\/strong>l : dimanche 14 d\u00e9cembre&nbsp;<\/p>\n<p>&nbsp; <strong>&nbsp; &nbsp; &nbsp;Auto-cross<\/strong> : 9 et 10 mai 2026<\/p>\n<p><strong>&nbsp; &nbsp; &nbsp; &nbsp;<\/strong><strong>Kermesse<\/strong> : dimanche 28 juin<\/p>\n<p>&nbsp;<\/p>\n<p><span style=\"color: #000080;\"><em><strong>Actions organis\u00e9es pour l&#8217;ann\u00e9e 2025-2026 :<\/strong><\/em><\/span><\/p>\n<ul style=\"list-style-type: circle;\">\n<li>vente de g\u00e2teaux BIJOU&nbsp;<\/li>\n<li>vente de repas \u00e0 emporter&nbsp;&nbsp;<\/li>\n<li>tombola Arbre de No\u00ebl&nbsp;<\/li>\n<li>vente de pizzas<\/li>\n<li>vente de chocolats pour P\u00e2ques (chocodic)<\/li>\n<\/ul>\n<p>&nbsp;&nbsp;&nbsp;&nbsp;<\/p>\n<p><span style=\"color: #333399;\"><em><strong>L&#8217;OGEC participe \u00e0 plusieurs manifestations en partenariat avec les autres associations de la commune :<\/strong><\/em><\/span><\/p>\n<p><strong>&nbsp; &nbsp; &nbsp; &nbsp; &nbsp; T\u00e9l\u00e9thon<\/strong>&nbsp;<\/p>\n<p><strong>&nbsp;&nbsp;&nbsp;&nbsp;&nbsp;&nbsp;&nbsp;&nbsp;&nbsp; March\u00e9 de No\u00ebl<\/strong> de la commune<\/p>\n<p><strong>&nbsp; &nbsp; &nbsp; &nbsp; &nbsp; Auto-cross<\/strong><\/p>\n<p>&nbsp;<\/p>\n<p><strong>&nbsp;<\/strong><em><span style=\"color: #800080;\">Les parents du bureau OGEC remercient toutes les personnes qui participent aux diverses manifestations et actions propos\u00e9es. Leur aide permet de r\u00e9colter des fonds afin de financer les projets de l&#8217;\u00e9cole : projets p\u00e9dagogiques (sorties, animations, achat de mat\u00e9riel) et les projets immobiliers (entretien et r\u00e9novation des locaux).<\/span><\/em><\/p>\n","protected":false},"excerpt":{"rendered":"<p>A noter : &nbsp; &nbsp; &nbsp; Assembl\u00e9e g\u00e9n\u00e9rale de l&#8217;OGEC : le 27 novembre 2025 &nbsp; Dates des manifestations organis\u00e9es&nbsp; pour l&#8217;ann\u00e9e 2025 &#8211; 2026 : Rentr\u00e9e des familles: le vendredi 5 septembre \u00e0 19h \u00e0 l&#8217;\u00e9cole (temps convivial) Arbre de No\u00ebl : dimanche 14 d\u00e9cembre&nbsp; &nbsp; &nbsp; &nbsp; &nbsp;Auto-cross : 9 et 10 mai<\/p>\n<p><a href=\"https:\/\/ecolenotredame-saintvincentdeslandes.fr\/?page_id=551\" class=\"more-link themebutton\">Lire la suite<\/a><\/p>\n","protected":false},"author":3,"featured_media":0,"parent":0,"menu_order":0,"comment_status":"closed","ping_status":"closed","template":"","meta":{"ngg_post_thumbnail":0,"footnotes":""},"class_list":["post-551","page","type-page","status-publish","hentry"],"_links":{"self":[{"href":"https:\/\/ecolenotredame-saintvincentdeslandes.fr\/index.php?rest_route=\/wp\/v2\/pages\/551","targetHints":{"allow":["GET"]}}],"collection":[{"href":"https:\/\/ecolenotredame-saintvincentdeslandes.fr\/index.php?rest_route=\/wp\/v2\/pages"}],"about":[{"href":"https:\/\/ecolenotredame-saintvincentdeslandes.fr\/index.php?rest_route=\/wp\/v2\/types\/page"}],"author":[{"embeddable":true,"href":"https:\/\/ecolenotredame-saintvincentdeslandes.fr\/index.php?rest_route=\/wp\/v2\/users\/3"}],"replies":[{"embeddable":true,"href":"https:\/\/ecolenotredame-saintvincentdeslandes.fr\/index.php?rest_route=%2Fwp%2Fv2%2Fcomments&post=551"}],"version-history":[{"count":16,"href":"https:\/\/ecolenotredame-saintvincentdeslandes.fr\/index.php?rest_route=\/wp\/v2\/pages\/551\/revisions"}],"predecessor-version":[{"id":8273,"href":"https:\/\/ecolenotredame-saintvincentdeslandes.fr\/index.php?rest_route=\/wp\/v2\/pages\/551\/revisions\/8273"}],"wp:attachment":[{"href":"https:\/\/ecolenotredame-saintvincentdeslandes.fr\/index.php?rest_route=%2Fwp%2Fv2%2Fmedia&parent=551"}],"curies":[{"name":"wp","href":"https:\/\/api.w.org\/{rel}","templated":true}]}}