{"id":723,"date":"2017-03-17T17:42:42","date_gmt":"2017-03-17T16:42:42","guid":{"rendered":"https:\/\/ecolenotredame-saintvincentdeslandes.fr\/?page_id=723"},"modified":"2025-07-11T10:56:48","modified_gmt":"2025-07-11T09:56:48","slug":"retributions-2","status":"publish","type":"page","link":"https:\/\/ecolenotredame-saintvincentdeslandes.fr\/?page_id=723","title":{"rendered":"Contributions des familles"},"content":{"rendered":"<p>Les contributions des familles permettent d&#8217;assurer les <strong>d\u00e9penses d&#8217;investissement <\/strong>, les <strong>charges <\/strong><strong>li\u00e9es \u00e0 l&#8217;immobilier<\/strong> et le <strong>caract\u00e8re<\/strong> <strong>propre<\/strong> de l&#8217;\u00e9tablissement. L&#8217;\u00e9cole ne peut percevoir aucun fond public pour financer ces charges, conform\u00e9ment \u00e0 la loi Gobelet.<\/p>\n<p>Les contributions incluent : la participation des familles aux d\u00e9penses d&#8217;investissement, la participation des familles au projet pastoral, les assurances scolaires obligatoires.<\/p>\n<p>Pour l&#8217;ann\u00e9e scolaire 2025 &#8211; 2026, le conseil d&#8217;administration de l&#8217;OGEC a d\u00e9cid\u00e9 de proposer trois montants de contributions au choix des familles :&nbsp;<\/p>\n<table style=\"border-collapse: collapse; width: 72.9895%; height: 224px;\">\n<tbody>\n<tr style=\"height: 56px;\">\n<td style=\"width: 25%; height: 56px;\">&nbsp;<\/td>\n<td style=\"width: 16.9679%; text-align: center; height: 56px;\"><strong><span style=\"color: #000000;\">montant 1&nbsp; <\/span><\/strong><\/td>\n<td style=\"width: 15.6611%; text-align: center; height: 56px;\"><strong>montant 2<\/strong><\/td>\n<td style=\"width: 15.9208%; text-align: center; height: 56px;\"><strong>montant 3<\/strong><\/td>\n<\/tr>\n<tr style=\"height: 48px;\">\n<td style=\"width: 25%; height: 48px;\">participation aux charges d&#8217;investissement (annuel)<\/td>\n<td style=\"width: 16.9679%; text-align: center; height: 48px;\"><span style=\"color: #000000;\">310 \u20ac&nbsp;<\/span><\/td>\n<td style=\"width: 15.6611%; text-align: center; height: 48px;\">340 \u20ac&nbsp;<\/td>\n<td style=\"width: 15.9208%; text-align: center; height: 48px;\">370\u20ac&nbsp;<\/td>\n<\/tr>\n<tr style=\"height: 48px;\">\n<td style=\"width: 25%; height: 48px;\">participation au projet pastoral (annuel)<\/td>\n<td style=\"width: 16.9679%; text-align: center; height: 48px;\"><span style=\"color: #000000;\">10 \u20ac<\/span><\/td>\n<td style=\"width: 15.6611%; text-align: center; height: 48px;\">10 \u20ac<\/td>\n<td style=\"width: 15.9208%; text-align: center; height: 48px;\">10\u20ac<\/td>\n<\/tr>\n<tr style=\"height: 48px;\">\n<td style=\"width: 25%; height: 48px;\">assurances scolaires obligatoires (annuel)<\/td>\n<td style=\"width: 16.9679%; text-align: center; height: 48px;\"><span style=\"color: #000000;\">8.9\u20ac<\/span><\/td>\n<td style=\"width: 15.6611%; text-align: center; height: 48px;\">8,90\u20ac<\/td>\n<td style=\"width: 15.9208%; text-align: center; height: 48px;\">8,90\u20ac<\/td>\n<\/tr>\n<tr style=\"height: 24px;\">\n<td style=\"width: 25%; height: 24px; text-align: right;\"><strong>Total<\/strong><\/td>\n<td style=\"width: 16.9679%; text-align: center; height: 24px;\"><span style=\"color: #000000;\"><strong>328.90 \u20ac \/ an<\/strong><\/span><\/td>\n<td style=\"width: 15.6611%; text-align: center; height: 24px;\"><strong>358.90\u20ac \/ an<\/strong><\/td>\n<td style=\"width: 15.9208%; text-align: center; height: 24px;\"><strong>388.90\u20ac\/ an<\/strong><\/td>\n<\/tr>\n<\/tbody>\n<\/table>\n<p>Les contributions sont pay\u00e9es en <strong>une fois au mois de septembre<\/strong> <em>ou<\/em> en <strong>10 fois par pr\u00e9l\u00e8vement automatique, de septembre \u00e0 juin<\/strong>.<\/p>\n<p>La cotisation d&#8217;<strong>assurances scolaires <\/strong>obligatoires comprend la Responsabilit\u00e9 Civile de l&#8217;\u00e9tablissement, l&#8217;Assistance et la Protection juridique (1,20\u20ac) et l&#8217;Individuelle Accident de l&#8217;enfant (7,70\u20ac).<\/p>\n<p>.<\/p>\n<p>&nbsp;<\/p>\n","protected":false},"excerpt":{"rendered":"<p>Les contributions des familles permettent d&#8217;assurer les d\u00e9penses d&#8217;investissement , les charges li\u00e9es \u00e0 l&#8217;immobilier et le caract\u00e8re propre de l&#8217;\u00e9tablissement. L&#8217;\u00e9cole ne peut percevoir aucun fond public pour financer ces charges, conform\u00e9ment \u00e0 la loi Gobelet. Les contributions incluent : la participation des familles aux d\u00e9penses d&#8217;investissement, la participation des familles au projet pastoral,<\/p>\n<p><a href=\"https:\/\/ecolenotredame-saintvincentdeslandes.fr\/?page_id=723\" class=\"more-link themebutton\">Lire la suite<\/a><\/p>\n","protected":false},"author":3,"featured_media":0,"parent":0,"menu_order":0,"comment_status":"closed","ping_status":"closed","template":"","meta":{"ngg_post_thumbnail":0,"footnotes":""},"class_list":["post-723","page","type-page","status-publish","hentry"],"_links":{"self":[{"href":"https:\/\/ecolenotredame-saintvincentdeslandes.fr\/index.php?rest_route=\/wp\/v2\/pages\/723","targetHints":{"allow":["GET"]}}],"collection":[{"href":"https:\/\/ecolenotredame-saintvincentdeslandes.fr\/index.php?rest_route=\/wp\/v2\/pages"}],"about":[{"href":"https:\/\/ecolenotredame-saintvincentdeslandes.fr\/index.php?rest_route=\/wp\/v2\/types\/page"}],"author":[{"embeddable":true,"href":"https:\/\/ecolenotredame-saintvincentdeslandes.fr\/index.php?rest_route=\/wp\/v2\/users\/3"}],"replies":[{"embeddable":true,"href":"https:\/\/ecolenotredame-saintvincentdeslandes.fr\/index.php?rest_route=%2Fwp%2Fv2%2Fcomments&post=723"}],"version-history":[{"count":12,"href":"https:\/\/ecolenotredame-saintvincentdeslandes.fr\/index.php?rest_route=\/wp\/v2\/pages\/723\/revisions"}],"predecessor-version":[{"id":7374,"href":"https:\/\/ecolenotredame-saintvincentdeslandes.fr\/index.php?rest_route=\/wp\/v2\/pages\/723\/revisions\/7374"}],"wp:attachment":[{"href":"https:\/\/ecolenotredame-saintvincentdeslandes.fr\/index.php?rest_route=%2Fwp%2Fv2%2Fmedia&parent=723"}],"curies":[{"name":"wp","href":"https:\/\/api.w.org\/{rel}","templated":true}]}}