{"id":77,"date":"2015-07-06T16:11:37","date_gmt":"2015-07-06T15:11:37","guid":{"rendered":"https:\/\/ecolenotredame-saintvincentdeslandes.fr\/?page_id=77"},"modified":"2015-07-08T20:39:01","modified_gmt":"2015-07-08T19:39:01","slug":"contacts","status":"publish","type":"page","link":"https:\/\/ecolenotredame-saintvincentdeslandes.fr\/?page_id=77","title":{"rendered":"Contact"},"content":{"rendered":"<p>Vous pouvez prendre contact avec l&#8217;\u00e9cole Notre Dame en t\u00e9l\u00e9phonant au <strong><span style=\"color: #000080;\">02 40 55 33 17<\/span><\/strong> (r\u00e9pondeur t\u00e9l\u00e9phonique)\u00a0 ou par mail <a href=\"mailto:ec.st-vincent-landes.notre-dame@ec44.fr\">ec.st-vincent-landes.notre-dame@ec44.fr<\/a><\/p>\n<p>&nbsp;<\/p>\n","protected":false},"excerpt":{"rendered":"<p>Vous pouvez prendre contact avec l&#8217;\u00e9cole Notre Dame en t\u00e9l\u00e9phonant au 02 40 55 33 17 (r\u00e9pondeur t\u00e9l\u00e9phonique)\u00a0 ou par mail ec.st-vincent-landes.notre-dame@ec44.fr &nbsp;<\/p>\n","protected":false},"author":4,"featured_media":0,"parent":0,"menu_order":0,"comment_status":"closed","ping_status":"closed","template":"","meta":{"ngg_post_thumbnail":0,"footnotes":""},"class_list":["post-77","page","type-page","status-publish","hentry"],"_links":{"self":[{"href":"https:\/\/ecolenotredame-saintvincentdeslandes.fr\/index.php?rest_route=\/wp\/v2\/pages\/77","targetHints":{"allow":["GET"]}}],"collection":[{"href":"https:\/\/ecolenotredame-saintvincentdeslandes.fr\/index.php?rest_route=\/wp\/v2\/pages"}],"about":[{"href":"https:\/\/ecolenotredame-saintvincentdeslandes.fr\/index.php?rest_route=\/wp\/v2\/types\/page"}],"author":[{"embeddable":true,"href":"https:\/\/ecolenotredame-saintvincentdeslandes.fr\/index.php?rest_route=\/wp\/v2\/users\/4"}],"replies":[{"embeddable":true,"href":"https:\/\/ecolenotredame-saintvincentdeslandes.fr\/index.php?rest_route=%2Fwp%2Fv2%2Fcomments&post=77"}],"version-history":[{"count":0,"href":"https:\/\/ecolenotredame-saintvincentdeslandes.fr\/index.php?rest_route=\/wp\/v2\/pages\/77\/revisions"}],"wp:attachment":[{"href":"https:\/\/ecolenotredame-saintvincentdeslandes.fr\/index.php?rest_route=%2Fwp%2Fv2%2Fmedia&parent=77"}],"curies":[{"name":"wp","href":"https:\/\/api.w.org\/{rel}","templated":true}]}}