{"id":86,"date":"2015-07-06T16:23:06","date_gmt":"2015-07-06T15:23:06","guid":{"rendered":"https:\/\/ecolenotredame-saintvincentdeslandes.fr\/?page_id=86"},"modified":"2026-04-23T09:55:34","modified_gmt":"2026-04-23T08:55:34","slug":"evenements","status":"publish","type":"page","link":"https:\/\/ecolenotredame-saintvincentdeslandes.fr\/?page_id=86","title":{"rendered":"Calendrier scolaire"},"content":{"rendered":"<p><span style=\"color: #0000ff;\"><strong>Voici le calendrier&nbsp; scolaire pour 2025-2026:<\/strong><\/span><\/p>\n<p style=\"padding-left: 60px;\"><span style=\"color: #ff0000;\"><strong>Rentr\u00e9e des \u00e9l\u00e8ves<\/strong><\/span><strong> :<\/strong> Lundi 1er septembre<\/p>\n<p style=\"padding-left: 60px;\"><span style=\"color: #ff0000;\"><strong>Toussaint<\/strong><\/span><strong>&nbsp;: <\/strong>Du vendredi 17 octobre apr\u00e8s la classe au lundi 3 novembre matin<\/p>\n<p style=\"padding-left: 60px;\"><span style=\"color: #ff0000;\"><strong>No\u00ebl<\/strong><\/span><strong>&nbsp;: <\/strong>Du vendredi 19 d\u00e9cembre apr\u00e8s la classe au lundi 5 janvier matin<\/p>\n<p style=\"padding-left: 60px;\"><span style=\"color: #ff0000;\"><strong>Hiver<\/strong><\/span><strong><span style=\"color: #ff0000;\">&nbsp;<\/span>: <\/strong>Du vendredi 13 f\u00e9vrier apr\u00e8s la classe&nbsp; au lundi 2 mars matin<\/p>\n<p style=\"padding-left: 60px;\"><span style=\"color: #ff0000;\"><strong>Printemps<\/strong><\/span><strong>&nbsp;: <\/strong>Du vendredi 10 avril apr\u00e8s la classe au lundi 27 avril matin<\/p>\n<p style=\"padding-left: 60px;\"><span style=\"color: #ff0000;\"><strong>Vacances d&#8217;\u00e9t\u00e9<\/strong><\/span><strong> : <\/strong>vendredi 3&nbsp; juillet apr\u00e8s la classe<\/p>\n<p><strong>Attention : <\/strong>les cours vaqueront le vendredi 15 mai (pont de l&#8217;Ascension).<\/p>\n<p>&nbsp;<\/p>\n<p><span style=\"color: #0000ff;\"><strong>Quelques dates \u00e0 retenir<\/strong><\/span><\/p>\n<p style=\"padding-left: 60px;\"><strong>Rentr\u00e9e des \u00e9l\u00e8ves : <\/strong><span style=\"color: #ff00ff;\">lundi 1er septembre<\/span><strong><br \/>\n<\/strong><\/p>\n<p style=\"padding-left: 60px;\"><strong>Rentr\u00e9e des familles: <\/strong><span style=\"color: #ff00ff;\">Vendredi 5 septembre \u00e0 19h<\/span><\/p>\n<p style=\"padding-left: 60px;\"><strong>Arbre de No\u00ebl : <\/strong><span style=\"color: #ff00ff;\">dimanche 14 d\u00e9cembre \u00e0 14h<\/span><strong><br \/>\n<\/strong><\/p>\n<p style=\"padding-left: 60px;\"><strong>marche solidaire : <\/strong><span style=\"color: #ff00ff;\">lundi 4 mai de 9h \u00e0 12h<\/span><strong><br \/>\n<\/strong><\/p>\n<p style=\"padding-left: 60px;\"><strong>f\u00eate du projet<\/strong>&nbsp; : <span style=\"color: #ff00ff;\">vendredi 29 mai de 18h \u00e0 19h30<\/span><\/p>\n<p style=\"padding-left: 60px;\"><strong>Kermesse : <\/strong><span style=\"color: #ff00ff;\">dimanche 28 juin \u00e0 partir de 12h<\/span><strong><br \/>\n<\/strong><\/p>\n<p style=\"padding-left: 60px;\">&nbsp;<\/p>\n<p>&nbsp;<\/p>\n<p>&nbsp;<\/p>\n<p>&nbsp;<\/p>\n","protected":false},"excerpt":{"rendered":"<p>Voici le calendrier&nbsp; scolaire pour 2025-2026: Rentr\u00e9e des \u00e9l\u00e8ves : Lundi 1er septembre Toussaint&nbsp;: Du vendredi 17 octobre apr\u00e8s la classe au lundi 3 novembre matin No\u00ebl&nbsp;: Du vendredi 19 d\u00e9cembre apr\u00e8s la classe au lundi 5 janvier matin Hiver&nbsp;: Du vendredi 13 f\u00e9vrier apr\u00e8s la classe&nbsp; au lundi 2 mars matin Printemps&nbsp;: Du vendredi<\/p>\n<p><a href=\"https:\/\/ecolenotredame-saintvincentdeslandes.fr\/?page_id=86\" class=\"more-link themebutton\">Lire la suite<\/a><\/p>\n","protected":false},"author":4,"featured_media":0,"parent":0,"menu_order":0,"comment_status":"closed","ping_status":"closed","template":"","meta":{"ngg_post_thumbnail":0,"footnotes":""},"class_list":["post-86","page","type-page","status-publish","hentry"],"_links":{"self":[{"href":"https:\/\/ecolenotredame-saintvincentdeslandes.fr\/index.php?rest_route=\/wp\/v2\/pages\/86","targetHints":{"allow":["GET"]}}],"collection":[{"href":"https:\/\/ecolenotredame-saintvincentdeslandes.fr\/index.php?rest_route=\/wp\/v2\/pages"}],"about":[{"href":"https:\/\/ecolenotredame-saintvincentdeslandes.fr\/index.php?rest_route=\/wp\/v2\/types\/page"}],"author":[{"embeddable":true,"href":"https:\/\/ecolenotredame-saintvincentdeslandes.fr\/index.php?rest_route=\/wp\/v2\/users\/4"}],"replies":[{"embeddable":true,"href":"https:\/\/ecolenotredame-saintvincentdeslandes.fr\/index.php?rest_route=%2Fwp%2Fv2%2Fcomments&post=86"}],"version-history":[{"count":12,"href":"https:\/\/ecolenotredame-saintvincentdeslandes.fr\/index.php?rest_route=\/wp\/v2\/pages\/86\/revisions"}],"predecessor-version":[{"id":8271,"href":"https:\/\/ecolenotredame-saintvincentdeslandes.fr\/index.php?rest_route=\/wp\/v2\/pages\/86\/revisions\/8271"}],"wp:attachment":[{"href":"https:\/\/ecolenotredame-saintvincentdeslandes.fr\/index.php?rest_route=%2Fwp%2Fv2%2Fmedia&parent=86"}],"curies":[{"name":"wp","href":"https:\/\/api.w.org\/{rel}","templated":true}]}}