{"id":89,"date":"2015-07-06T16:26:54","date_gmt":"2015-07-06T15:26:54","guid":{"rendered":"https:\/\/ecolenotredame-saintvincentdeslandes.fr\/?page_id=89"},"modified":"2018-07-12T09:12:39","modified_gmt":"2018-07-12T08:12:39","slug":"horaires","status":"publish","type":"page","link":"https:\/\/ecolenotredame-saintvincentdeslandes.fr\/?page_id=89","title":{"rendered":"Horaires"},"content":{"rendered":"<p>L&#8217;\u00e9cole Notre Dame fonctionne sur <strong>4 jours<\/strong> :<\/p>\n<p><strong><span style=\"color: #000080;\">Lundi, mardi , jeudi, vendredi<\/span><\/strong> :<\/p>\n<ul style=\"list-style-type: disc;\">\n<li><strong><span style=\"color: #800080;\">matin : 8h40&nbsp; &#8211;&nbsp; 12h<\/span><\/strong><\/li>\n<li><strong><span style=\"color: #800080;\">apr\u00e8s-midi : 13h25&nbsp; &#8211;&nbsp; 16h20<\/span><\/strong><\/li>\n<\/ul>\n<p><em>L&#8217;\u00e9cole ouvre 10mn avant l&#8217;entr\u00e9e en classe soit 8h30 le matin et 13h15 le midi.<\/em><\/p>\n<p>&nbsp;<\/p>\n<p>Merci de respecter les heures d&#8217;entr\u00e9e et de sortie des classes. Le portail est ferm\u00e9 en dehors de ces heures.<\/p>\n","protected":false},"excerpt":{"rendered":"<p>L&#8217;\u00e9cole Notre Dame fonctionne sur 4 jours : Lundi, mardi , jeudi, vendredi : matin : 8h40&nbsp; &#8211;&nbsp; 12h apr\u00e8s-midi : 13h25&nbsp; &#8211;&nbsp; 16h20 L&#8217;\u00e9cole ouvre 10mn avant l&#8217;entr\u00e9e en classe soit 8h30 le matin et 13h15 le midi. &nbsp; Merci de respecter les heures d&#8217;entr\u00e9e et de sortie des classes. Le portail est ferm\u00e9<\/p>\n<p><a href=\"https:\/\/ecolenotredame-saintvincentdeslandes.fr\/?page_id=89\" class=\"more-link themebutton\">Lire la suite<\/a><\/p>\n","protected":false},"author":4,"featured_media":0,"parent":0,"menu_order":0,"comment_status":"closed","ping_status":"closed","template":"","meta":{"ngg_post_thumbnail":0,"footnotes":""},"class_list":["post-89","page","type-page","status-publish","hentry"],"_links":{"self":[{"href":"https:\/\/ecolenotredame-saintvincentdeslandes.fr\/index.php?rest_route=\/wp\/v2\/pages\/89","targetHints":{"allow":["GET"]}}],"collection":[{"href":"https:\/\/ecolenotredame-saintvincentdeslandes.fr\/index.php?rest_route=\/wp\/v2\/pages"}],"about":[{"href":"https:\/\/ecolenotredame-saintvincentdeslandes.fr\/index.php?rest_route=\/wp\/v2\/types\/page"}],"author":[{"embeddable":true,"href":"https:\/\/ecolenotredame-saintvincentdeslandes.fr\/index.php?rest_route=\/wp\/v2\/users\/4"}],"replies":[{"embeddable":true,"href":"https:\/\/ecolenotredame-saintvincentdeslandes.fr\/index.php?rest_route=%2Fwp%2Fv2%2Fcomments&post=89"}],"version-history":[{"count":0,"href":"https:\/\/ecolenotredame-saintvincentdeslandes.fr\/index.php?rest_route=\/wp\/v2\/pages\/89\/revisions"}],"wp:attachment":[{"href":"https:\/\/ecolenotredame-saintvincentdeslandes.fr\/index.php?rest_route=%2Fwp%2Fv2%2Fmedia&parent=89"}],"curies":[{"name":"wp","href":"https:\/\/api.w.org\/{rel}","templated":true}]}}