{"id":92,"date":"2015-07-06T16:30:57","date_gmt":"2015-07-06T15:30:57","guid":{"rendered":"https:\/\/ecolenotredame-saintvincentdeslandes.fr\/?page_id=92"},"modified":"2025-07-11T10:36:09","modified_gmt":"2025-07-11T09:36:09","slug":"inscription-dun-enfant","status":"publish","type":"page","link":"https:\/\/ecolenotredame-saintvincentdeslandes.fr\/?page_id=92","title":{"rendered":"Inscription d&#8217;un enfant"},"content":{"rendered":"<p>Les familles qui souhaitent inscrire leur(s) enfant(s) pour l&#8217;ann\u00e9e scolaire 2025-2026, peuvent prendre rendez-vous avec la cheffe d&#8217;\u00e9tablissement, Mme Maryse VISSET, par t\u00e9l\u00e9phone au <strong><span style=\"color: #0000ff;\">02 40 55 33 17<\/span><\/strong> ou par mail <strong><span style=\"color: #0000ff;\">ec.st-vincent-landes.notre-dame@ec44.fr<\/span><\/strong><\/p>\n<p>Les inscriptions peuvent avoir lieu toute l&#8217;ann\u00e9e scolaire notamment en cas de d\u00e9m\u00e9nagement.<br \/>\nLe <span style=\"text-decoration: underline;\">certificat de radiation est obligatoire pour les \u00e9l\u00e8ves d\u00e9j\u00e0 scolaris\u00e9s.<br \/>\n<\/span><\/p>\n<p>Pour toute inscription, vous devrez pr\u00e9senter le <span style=\"text-decoration: underline;\">carnet de sant\u00e9<\/span> de votre enfant ainsi que votre <span style=\"text-decoration: underline;\">livret de famille<\/span>.<\/p>\n<p><span style=\"color: #ff00ff;\"><strong>Documents \u00e0 compl\u00e9ter pour inscrire un enfant<\/strong> :<\/span><\/p>\n<p><span style=\"color: #0000ff;\">la demande d&#8217;inscription :<\/span><\/p>\n<iframe src=\"\/\/docs.google.com\/viewer?url=https%3A%2F%2Fecolenotredame-saintvincentdeslandes.fr%2Fwp-content%2Fuploads%2F2020%2F07%2FDemande-dinscription.pdf&hl=fr&embedded=true\" class=\"gde-frame\" style=\"width:100%; height:500px; border: none;\" scrolling=\"no\"><\/iframe>\n<p class=\"gde-text\"><a href=\"https:\/\/ecolenotredame-saintvincentdeslandes.fr\/wp-content\/uploads\/2020\/07\/Demande-dinscription.pdf\" class=\"gde-link\">T\u00e9l\u00e9charger (PDF, 854KB)<\/a><\/p>\n<p><span style=\"color: #0000ff;\">L&#8217;attestation de vaccination :<\/span><\/p>\n<iframe src=\"\/\/docs.google.com\/viewer?url=https%3A%2F%2Fecolenotredame-saintvincentdeslandes.fr%2Fwp-content%2Fuploads%2F2020%2F07%2FAttestation-de-vaccinations.pdf&hl=fr&embedded=true\" class=\"gde-frame\" style=\"width:100%; height:500px; border: none;\" scrolling=\"no\"><\/iframe>\n<p class=\"gde-text\"><a href=\"https:\/\/ecolenotredame-saintvincentdeslandes.fr\/wp-content\/uploads\/2020\/07\/Attestation-de-vaccinations.pdf\" class=\"gde-link\">T\u00e9l\u00e9charger (PDF, 363KB)<\/a><\/p>\n<p><span style=\"color: #0000ff;\">La fiche de renseignements :<\/span><\/p>\n<iframe src=\"\/\/docs.google.com\/viewer?url=https%3A%2F%2Fecolenotredame-saintvincentdeslandes.fr%2Fwp-content%2Fuploads%2F2025%2F07%2FFiche-de-renseignements.pdf&hl=fr&embedded=true\" class=\"gde-frame\" style=\"width:100%; height:500px; border: none;\" scrolling=\"no\"><\/iframe>\n<p class=\"gde-text\"><a href=\"https:\/\/ecolenotredame-saintvincentdeslandes.fr\/wp-content\/uploads\/2025\/07\/Fiche-de-renseignements.pdf\" class=\"gde-link\">T\u00e9l\u00e9charger (PDF, 350KB)<\/a><\/p>\n<p style=\"text-align: center;\"><span style=\"color: #ff0000;\">_______________________________________<\/span><\/p>\n<p>Pour la rentr\u00e9e de <strong><span style=\"color: #0000ff;\">septembre 2025<\/span><\/strong> peuvent \u00eatre inscrits les enfants n\u00e9s avant le 1er septembre 2023 ( avoir 2 ans r\u00e9volus le jour de la rentr\u00e9e).<br \/>\n<em>\u00ab Les enfants fran\u00e7ais et \u00e9trangers peuvent \u00eatre accueillis \u00e0 l\u2019\u00e9cole \u00e0 3 ans. Ils peuvent \u00e9galement \u00eatre admis dans la limite des places disponibles s&#8217;ils ont atteint l&#8217;\u00e2ge de 2 ans au jour de la rentr\u00e9e scolaire, \u00e0 condition qu&#8217;ils soient physiquement et psychologiquement pr\u00eats \u00e0 la fr\u00e9quenter \u00bb<\/em> extrait BO<\/p>\n<p><span style=\"color: #800080;\">Les enfants n\u00e9s en 2023 ne sont pas soumis \u00e0 la loi d&#8217;obligation d&#8217;instruction, ils sont accueillis en fonction des places disponibles dans l&#8217;\u00e9tablissement.<\/span><\/p>\n","protected":false},"excerpt":{"rendered":"<p>Les familles qui souhaitent inscrire leur(s) enfant(s) pour l&#8217;ann\u00e9e scolaire 2025-2026, peuvent prendre rendez-vous avec la cheffe d&#8217;\u00e9tablissement, Mme Maryse VISSET, par t\u00e9l\u00e9phone au 02 40 55 33 17 ou par mail ec.st-vincent-landes.notre-dame@ec44.fr Les inscriptions peuvent avoir lieu toute l&#8217;ann\u00e9e scolaire notamment en cas de d\u00e9m\u00e9nagement. Le certificat de radiation est obligatoire pour les \u00e9l\u00e8ves<\/p>\n<p><a href=\"https:\/\/ecolenotredame-saintvincentdeslandes.fr\/?page_id=92\" class=\"more-link themebutton\">Lire la suite<\/a><\/p>\n","protected":false},"author":4,"featured_media":0,"parent":0,"menu_order":0,"comment_status":"closed","ping_status":"closed","template":"","meta":{"ngg_post_thumbnail":0,"footnotes":""},"class_list":["post-92","page","type-page","status-publish","hentry"],"_links":{"self":[{"href":"https:\/\/ecolenotredame-saintvincentdeslandes.fr\/index.php?rest_route=\/wp\/v2\/pages\/92","targetHints":{"allow":["GET"]}}],"collection":[{"href":"https:\/\/ecolenotredame-saintvincentdeslandes.fr\/index.php?rest_route=\/wp\/v2\/pages"}],"about":[{"href":"https:\/\/ecolenotredame-saintvincentdeslandes.fr\/index.php?rest_route=\/wp\/v2\/types\/page"}],"author":[{"embeddable":true,"href":"https:\/\/ecolenotredame-saintvincentdeslandes.fr\/index.php?rest_route=\/wp\/v2\/users\/4"}],"replies":[{"embeddable":true,"href":"https:\/\/ecolenotredame-saintvincentdeslandes.fr\/index.php?rest_route=%2Fwp%2Fv2%2Fcomments&post=92"}],"version-history":[{"count":11,"href":"https:\/\/ecolenotredame-saintvincentdeslandes.fr\/index.php?rest_route=\/wp\/v2\/pages\/92\/revisions"}],"predecessor-version":[{"id":7357,"href":"https:\/\/ecolenotredame-saintvincentdeslandes.fr\/index.php?rest_route=\/wp\/v2\/pages\/92\/revisions\/7357"}],"wp:attachment":[{"href":"https:\/\/ecolenotredame-saintvincentdeslandes.fr\/index.php?rest_route=%2Fwp%2Fv2%2Fmedia&parent=92"}],"curies":[{"name":"wp","href":"https:\/\/api.w.org\/{rel}","templated":true}]}}