{"id":98,"date":"2015-07-06T16:44:06","date_gmt":"2015-07-06T15:44:06","guid":{"rendered":"https:\/\/ecolenotredame-saintvincentdeslandes.fr\/?page_id=98"},"modified":"2017-12-29T10:03:25","modified_gmt":"2017-12-29T09:03:25","slug":"vivre-ensemble","status":"publish","type":"page","link":"https:\/\/ecolenotredame-saintvincentdeslandes.fr\/?page_id=98","title":{"rendered":"Vivre ensemble"},"content":{"rendered":"<p><strong>Des assembl\u00e9es d\u2019\u00e9cole ordinaires<\/strong> : temps de r\u00e9gulation, infos diverses, mises en projet , temps convivial anniversaires, \u00e9v\u00e8nements familiaux ou personnels, temps de r\u00e9gulation : gestion des conflits ou des dysfonctionnements, temps de partage : partage des r\u00e9ussites, pr\u00e9sentation des talents &#8230;<\/p>\n<p><strong>Des assembl\u00e9es d&#8217;\u00e9cole extraordinaires<\/strong> li\u00e9es au projet , organis\u00e9es en ateliers inter-\u00e2ges<\/p>\n<p>&nbsp;<\/p>\n<p>Sorties p\u00e9dagogiques<\/p>\n<p>Rencontre sportive inter-\u00e9coles<\/p>\n<p>F\u00eates de l&#8217;\u00e9cole (Arbre de No\u00ebl, Kermesse, F\u00eate du projet)<\/p>\n<p>Animations avec la maison de retraite<\/p>\n<p>Partenariat avec le conservatoire de musique<\/p>\n<p>Action de solidarit\u00e9<\/p>\n<p>Anglais d\u00e8s la GS<\/p>\n<p>&nbsp;<\/p>\n","protected":false},"excerpt":{"rendered":"<p>Des assembl\u00e9es d\u2019\u00e9cole ordinaires : temps de r\u00e9gulation, infos diverses, mises en projet , temps convivial anniversaires, \u00e9v\u00e8nements familiaux ou personnels, temps de r\u00e9gulation : gestion des conflits ou des dysfonctionnements, temps de partage : partage des r\u00e9ussites, pr\u00e9sentation des talents &#8230; Des assembl\u00e9es d&#8217;\u00e9cole extraordinaires li\u00e9es au projet , organis\u00e9es en ateliers inter-\u00e2ges &nbsp;<\/p>\n<p><a href=\"https:\/\/ecolenotredame-saintvincentdeslandes.fr\/?page_id=98\" class=\"more-link themebutton\">Lire la suite<\/a><\/p>\n","protected":false},"author":4,"featured_media":0,"parent":0,"menu_order":0,"comment_status":"closed","ping_status":"closed","template":"","meta":{"ngg_post_thumbnail":0,"footnotes":""},"class_list":["post-98","page","type-page","status-publish","hentry"],"_links":{"self":[{"href":"https:\/\/ecolenotredame-saintvincentdeslandes.fr\/index.php?rest_route=\/wp\/v2\/pages\/98","targetHints":{"allow":["GET"]}}],"collection":[{"href":"https:\/\/ecolenotredame-saintvincentdeslandes.fr\/index.php?rest_route=\/wp\/v2\/pages"}],"about":[{"href":"https:\/\/ecolenotredame-saintvincentdeslandes.fr\/index.php?rest_route=\/wp\/v2\/types\/page"}],"author":[{"embeddable":true,"href":"https:\/\/ecolenotredame-saintvincentdeslandes.fr\/index.php?rest_route=\/wp\/v2\/users\/4"}],"replies":[{"embeddable":true,"href":"https:\/\/ecolenotredame-saintvincentdeslandes.fr\/index.php?rest_route=%2Fwp%2Fv2%2Fcomments&post=98"}],"version-history":[{"count":0,"href":"https:\/\/ecolenotredame-saintvincentdeslandes.fr\/index.php?rest_route=\/wp\/v2\/pages\/98\/revisions"}],"wp:attachment":[{"href":"https:\/\/ecolenotredame-saintvincentdeslandes.fr\/index.php?rest_route=%2Fwp%2Fv2%2Fmedia&parent=98"}],"curies":[{"name":"wp","href":"https:\/\/api.w.org\/{rel}","templated":true}]}}